{"id":12982,"date":"2023-03-02T09:39:02","date_gmt":"2023-03-02T17:39:02","guid":{"rendered":"https:\/\/dev.nationalfireworks.ca\/cnfa-safety-video-wheels\/"},"modified":"2023-03-03T13:27:41","modified_gmt":"2023-03-03T21:27:41","slug":"cnfa-safety-video-wheels","status":"publish","type":"page","link":"https:\/\/nationalfireworks.ca\/pa\/cnfa-safety-video-wheels\/","title":{"rendered":"CNFA Safety Video Wheels"},"content":{"rendered":"<p style=\"text-align: center;\"><a href=\"https:\/\/dev.nationalfireworks.ca\/wp-content\/uploads\/2022\/08\/banner-2-2.png\"><img decoding=\"async\" class=\"alignnone size-full wp-image-11468\" src=\"https:\/\/dev.nationalfireworks.ca\/wp-content\/uploads\/2022\/08\/banner-2-2.png\" alt=\"\" width=\"185\" height=\"185\" srcset=\"https:\/\/nationalfireworks.ca\/wp-content\/uploads\/2022\/08\/banner-2-2-150x150.png 150w, https:\/\/nationalfireworks.ca\/wp-content\/uploads\/2022\/08\/banner-2-2.png 185w\" sizes=\"(max-width: 185px) 100vw, 185px\" \/><\/a><\/p>\n<hr style=\"border: 0; height: 2px; background: #333; background-image: linear-gradient(to right, #f6f6f6, #3d9968, #000000, #d7ae0a, #f6f6f6);\" \/>\n<p>&nbsp;<\/p>\n<p style=\"text-align: center;\"><strong><span style=\"color: #ff0000;\"><span class=\"ui-provider vs b c d e f g h i j k l m n o p q r s t u v w x y z ab ac ae af ag ah ai aj ak\" dir=\"ltr\"><span class=\"ui-provider wr b c d e f g h i j k l m n o p q r s t u v w x y z ab ac ae af ag ah ai aj ak\" dir=\"ltr\">Firework Wheels Safety Video<\/span> <\/span><\/span><\/strong><\/p>\n<div style=\"margin: 1em;\"><center><a href=\"https:\/\/www.youtube.com\/watch?v=xplVM25L4n0\"><button>English<\/button><\/a><\/center><\/div>\n<p>&nbsp;<\/p>\n<div style=\"margin: 1em;\"><center><strong><span style=\"color: #ff0000;\"><span class=\"ui-provider vs b c d e f g h i j k l m n o p q r s t u v w x y z ab ac ae af ag ah ai aj ak\" dir=\"ltr\"> Vid\u00e9o sur la s\u00e9curit\u00e9 des roues de feux d&#8217;artifice<\/span><\/span><\/strong><\/center><center><a href=\"https:\/\/www.youtube.com\/watch?v=48QQzQ2OcAA\"><button>Fran\u00e7ais<\/button><\/a><\/center><\/div>\n<p>&nbsp;<\/p>","protected":false},"excerpt":{"rendered":"<p>&nbsp; Firework Wheels Safety Video English &nbsp; Vid\u00e9o sur la s\u00e9curit\u00e9 des roues de feux d&#8217;artificeFran\u00e7ais &nbsp;<\/p>","protected":false},"author":2409,"featured_media":0,"parent":0,"menu_order":0,"comment_status":"closed","ping_status":"closed","template":"","meta":{"footnotes":""},"class_list":["post-12982","page","type-page","status-publish","hentry"],"_links":{"self":[{"href":"https:\/\/nationalfireworks.ca\/pa\/wp-json\/wp\/v2\/pages\/12982","targetHints":{"allow":["GET"]}}],"collection":[{"href":"https:\/\/nationalfireworks.ca\/pa\/wp-json\/wp\/v2\/pages"}],"about":[{"href":"https:\/\/nationalfireworks.ca\/pa\/wp-json\/wp\/v2\/types\/page"}],"author":[{"embeddable":true,"href":"https:\/\/nationalfireworks.ca\/pa\/wp-json\/wp\/v2\/users\/2409"}],"replies":[{"embeddable":true,"href":"https:\/\/nationalfireworks.ca\/pa\/wp-json\/wp\/v2\/comments?post=12982"}],"version-history":[{"count":0,"href":"https:\/\/nationalfireworks.ca\/pa\/wp-json\/wp\/v2\/pages\/12982\/revisions"}],"wp:attachment":[{"href":"https:\/\/nationalfireworks.ca\/pa\/wp-json\/wp\/v2\/media?parent=12982"}],"curies":[{"name":"wp","href":"https:\/\/api.w.org\/{rel}","templated":true}]}}