{"id":12985,"date":"2023-03-02T13:18:15","date_gmt":"2023-03-02T21:18:15","guid":{"rendered":"https:\/\/dev.nationalfireworks.ca\/?page_id=12630"},"modified":"2023-03-03T13:22:51","modified_gmt":"2023-03-03T21:22:51","slug":"cnfa-safety-video-brazilian-bombshells","status":"publish","type":"page","link":"https:\/\/nationalfireworks.ca\/pa\/cnfa-safety-video-brazilian-bombshells\/","title":{"rendered":"CNFA Safety Video <strong>Brazilian Bombshells<\/strong>"},"content":{"rendered":"<p style=\"text-align: center;\"><a href=\"https:\/\/dev.nationalfireworks.ca\/wp-content\/uploads\/2022\/08\/banner-2-2.png\"><img decoding=\"async\" class=\"alignnone size-full wp-image-11468\" src=\"https:\/\/dev.nationalfireworks.ca\/wp-content\/uploads\/2022\/08\/banner-2-2.png\" alt=\"\" width=\"185\" height=\"185\" srcset=\"https:\/\/nationalfireworks.ca\/wp-content\/uploads\/2022\/08\/banner-2-2-150x150.png 150w, https:\/\/nationalfireworks.ca\/wp-content\/uploads\/2022\/08\/banner-2-2.png 185w\" sizes=\"(max-width: 185px) 100vw, 185px\" \/><\/a><\/p>\n<hr style=\"border: 0; height: 2px; background: #333; background-image: linear-gradient(to right, #f6f6f6, #3d9968, #000000, #d7ae0a, #f6f6f6);\" \/>\n<p>&nbsp;<\/p>\n<p style=\"text-align: center;\"><strong><span style=\"color: #ff0000;\"><span class=\"ui-provider vs b c d e f g h i j k l m n o p q r s t u v w x y z ab ac ae af ag ah ai aj ak\" dir=\"ltr\">Brazilian Bombshells Safety Video<\/span><\/span><\/strong><\/p>\n<div style=\"margin: 1em;\"><center><a href=\"https:\/\/www.youtube.com\/watch?v=_DneB3XrBEQ\"><button>English<\/button><\/a><\/center><\/div>\n<p>&nbsp;<\/p>\n<div style=\"margin: 1em;\"><center><strong><span style=\"color: #ff0000;\"><span class=\"ui-provider vs b c d e f g h i j k l m n o p q r s t u v w x y z ab ac ae af ag ah ai aj ak\" dir=\"ltr\">Vid\u00e9o br\u00e9silienne sur la s\u00e9curit\u00e9 de Shell<\/span><\/span><\/strong><\/center><center><a href=\"https:\/\/www.youtube.com\/watch?v=7E8YVJyAbTQ\"><button>Fran\u00e7ais<\/button><\/a><\/center><\/div>\n<p>&nbsp;<\/p>","protected":false},"excerpt":{"rendered":"<p>&nbsp; Brazilian Bombshells Safety Video English &nbsp; Vid\u00e9o br\u00e9silienne sur la s\u00e9curit\u00e9 de ShellFran\u00e7ais &nbsp;<\/p>","protected":false},"author":2409,"featured_media":0,"parent":0,"menu_order":0,"comment_status":"closed","ping_status":"closed","template":"","meta":{"footnotes":""},"class_list":["post-12985","page","type-page","status-publish","hentry"],"_links":{"self":[{"href":"https:\/\/nationalfireworks.ca\/pa\/wp-json\/wp\/v2\/pages\/12985","targetHints":{"allow":["GET"]}}],"collection":[{"href":"https:\/\/nationalfireworks.ca\/pa\/wp-json\/wp\/v2\/pages"}],"about":[{"href":"https:\/\/nationalfireworks.ca\/pa\/wp-json\/wp\/v2\/types\/page"}],"author":[{"embeddable":true,"href":"https:\/\/nationalfireworks.ca\/pa\/wp-json\/wp\/v2\/users\/2409"}],"replies":[{"embeddable":true,"href":"https:\/\/nationalfireworks.ca\/pa\/wp-json\/wp\/v2\/comments?post=12985"}],"version-history":[{"count":0,"href":"https:\/\/nationalfireworks.ca\/pa\/wp-json\/wp\/v2\/pages\/12985\/revisions"}],"wp:attachment":[{"href":"https:\/\/nationalfireworks.ca\/pa\/wp-json\/wp\/v2\/media?parent=12985"}],"curies":[{"name":"wp","href":"https:\/\/api.w.org\/{rel}","templated":true}]}}